{"id":1232,"date":"2020-07-28T09:25:33","date_gmt":"2020-07-28T08:25:33","guid":{"rendered":"https:\/\/www.leonardosuites.com\/?page_id=1232"},"modified":"2021-07-05T17:30:43","modified_gmt":"2021-07-05T16:30:43","slug":"chi-siamo","status":"publish","type":"page","link":"https:\/\/www.leonardosuites.com\/it\/chi-siamo\/","title":{"rendered":"Chi siamo"},"content":{"rendered":"\n<p><\/p>\n\n\n\n<div class=\"wp-block-columns is-layout-flex wp-container-core-columns-is-layout-9d6595d7 wp-block-columns-is-layout-flex\">\n<div class=\"wp-block-column is-layout-flow wp-block-column-is-layout-flow\" style=\"flex-basis:33.33%\"><\/div>\n\n\n\n<div class=\"wp-block-column is-layout-flow wp-block-column-is-layout-flow\" style=\"flex-basis:66.66%\"><\/div>\n<\/div>\n\n\n\n<div class=\"container text-center\">\n<div class=\"row\">\n<div class=\"col-12\">\nI nostri appartamenti di gran pregio sono da noi scelti affinch\u00e8 i nostri ospiti vivano un esperienza unica.\nLa centralit\u00e0 delle nostre dimore sono un motivo in pi\u00f9 perch\u00e8 sceglierci, infatti a pochi passi dai maggiori luoghi di interesse della citt\u00e0, senza quindi la necessit\u00e0 di usare mezzi.\nLe nostre recensioni ci collocano ai primi posti dei migliori appartamenti della citt\u00e0.\n<\/div>\n<\/div>\n<\/div>\n<div class=\"container py-5\">\n  <div class=\"row\">\n     <div class=\"col-sm col-md-6\">\n         <figure class=\"wp-block-image size-large is-resized \"><img decoding=\"async\" src=\"https:\/\/www.leonardosuites.com\/wp-content\/uploads\/2020\/04\/WhatsApp-Image-2019-07-12-at-09.53.23.jpeg\" alt=\"\" class=\"wp-image-418\" width=\"418\" srcset=\"https:\/\/www.leonardosuites.com\/wp-content\/uploads\/2020\/04\/WhatsApp-Image-2019-07-12-at-09.53.23.jpeg 1063w, https:\/\/www.leonardosuites.com\/wp-content\/uploads\/2020\/04\/WhatsApp-Image-2019-07-12-at-09.53.23-199x300.jpeg 199w, https:\/\/www.leonardosuites.com\/wp-content\/uploads\/2020\/04\/WhatsApp-Image-2019-07-12-at-09.53.23-680x1024.jpeg 680w, https:\/\/www.leonardosuites.com\/wp-content\/uploads\/2020\/04\/WhatsApp-Image-2019-07-12-at-09.53.23-768x1156.jpeg 768w, https:\/\/www.leonardosuites.com\/wp-content\/uploads\/2020\/04\/WhatsApp-Image-2019-07-12-at-09.53.23-1020x1536.jpeg 1020w\" sizes=\"(max-width: 1063px) 100vw, 1063px\" \/><\/figure>\n     <\/div> \n     <div class=\"col-sm col-md-6\">\n      \nMi chiamo Maria e vivo a Roma. Ho sempre avuto una grande passione per l\u2019ospitalit\u00e0, di cui ho deciso di fare il mio mestiere, intraprendendo quest\u2019attivit\u00e0 con la mia famiglia. \nVogliamo unire questa nostra passione al nostro amore per questa citt\u00e0, per le sue bellezze, per la sua storia e per i suoi tesori. \nIl nostro obiettivo vuole essere quello di condividere tale amore con tutti gli ospiti dei nostri appartamenti.\nSiamo a completa disposizione dei nostri ospiti sin dal momento della prenotazione. Per qualsiasi informazione riguardante l\u2019intera vacanza a Roma.\nCi rendiamo disponibili per domande, trasferimenti da e per l\u2019aeroporto, guide turistiche, indicazioni su ristoranti, trattorie, bar e tutti\n i servizi necessari per trascorrere una splendida vacanza a Roma.\n    <\/div>\n  <\/div>\n<\/div>\n\n\n\n<p><\/p>\n\n\n\n<p><\/p>\n\n\n\n<div class=\"container\">\n  <div class=\"row\">\n    <div class=\"col-sm col-md-12\">\n         \n    <\/div> \n  <\/div> \n<\/div>\n\n\n\n<div class=\"container text-center py-5\">\n  <div class=\"row\">\n    <div class=\"col-sm col-md-12\">\n       <h3>Book now!<\/h3>\n        <div data-lang=\"it\" data-hotel-id=\"leonardosuites\" data-id-room=\"0\" class=\"kross-container\"><\/div>\n    <\/div> \n  <\/div> \n<\/div>\n\n\n<div class=\"container py-5 text-center \">\n<div class=\"row\">\n<div class=\"col-md-4\"><img loading=\"lazy\" decoding=\"async\" class=\"alignnone size-full wp-image-1190\" src=\"https:\/\/www.leonardosuites.com\/wp-content\/uploads\/2020\/07\/phone.png\" alt=\"\" width=\"88\" height=\"85\" \/>\n<p>\u00a0<\/p>\n<p class=\"pt-2\">+39 3887839178<br \/>+39 3272587207<\/p>\n<\/div>\n<div class=\"col-md-4\"><img loading=\"lazy\" decoding=\"async\" class=\"alignnone size-full wp-image-1188\" src=\"https:\/\/www.leonardosuites.com\/wp-content\/uploads\/2020\/07\/letter.png\" alt=\"\" width=\"88\" height=\"85\" \/>\n<p>\u00a0<\/p>\n<p class=\"pt-2\">info@leonardosuites.com<\/p>\n<\/div>\n<div class=\"col-md-4\"><img loading=\"lazy\" decoding=\"async\" class=\"alignnone size-full wp-image-&lt;img src=\" src=\"https:\/\/www.leonardosuites.com\/wp-content\/uploads\/2020\/07\/map.png\" alt=\"\" width=\"65\" height=\"89\" \/>\n<p>\u00a0<\/p>\n<p class=\"pt-2\">Via Arenula, 16 &#8211; 00186 (RM) Roma<\/p>\n<\/div>\n<\/div>\n<\/div>\n\n\n<p><\/p>\n","protected":false},"excerpt":{"rendered":"<p>I nostri appartamenti di gran pregio sono da noi scelti affinch\u00e8 i nostri ospiti vivano un esperienza unica. La centralit\u00e0&#8230;<\/p>\n<p><a class=\"read-more text-primary\" href=\"https:\/\/www.leonardosuites.com\/it\/chi-siamo\/\">Leggi tutto<\/a> <\/p>\n","protected":false},"author":1,"featured_media":324,"parent":0,"menu_order":0,"comment_status":"closed","ping_status":"closed","template":"","meta":{"_acf_changed":false,"inline_featured_image":false,"footnotes":""},"class_list":["post-1232","page","type-page","status-publish","has-post-thumbnail","hentry"],"acf":[],"_links":{"self":[{"href":"https:\/\/www.leonardosuites.com\/it\/wp-json\/wp\/v2\/pages\/1232","targetHints":{"allow":["GET"]}}],"collection":[{"href":"https:\/\/www.leonardosuites.com\/it\/wp-json\/wp\/v2\/pages"}],"about":[{"href":"https:\/\/www.leonardosuites.com\/it\/wp-json\/wp\/v2\/types\/page"}],"author":[{"embeddable":true,"href":"https:\/\/www.leonardosuites.com\/it\/wp-json\/wp\/v2\/users\/1"}],"replies":[{"embeddable":true,"href":"https:\/\/www.leonardosuites.com\/it\/wp-json\/wp\/v2\/comments?post=1232"}],"version-history":[{"count":20,"href":"https:\/\/www.leonardosuites.com\/it\/wp-json\/wp\/v2\/pages\/1232\/revisions"}],"predecessor-version":[{"id":1919,"href":"https:\/\/www.leonardosuites.com\/it\/wp-json\/wp\/v2\/pages\/1232\/revisions\/1919"}],"wp:featuredmedia":[{"embeddable":true,"href":"https:\/\/www.leonardosuites.com\/it\/wp-json\/wp\/v2\/media\/324"}],"wp:attachment":[{"href":"https:\/\/www.leonardosuites.com\/it\/wp-json\/wp\/v2\/media?parent=1232"}],"curies":[{"name":"wp","href":"https:\/\/api.w.org\/{rel}","templated":true}]}}